{"id":7,"date":"2025-03-02T13:00:35","date_gmt":"2025-03-02T12:00:35","guid":{"rendered":"https:\/\/gazmarbutle.pl\/?page_id=7"},"modified":"2025-03-06T20:58:45","modified_gmt":"2025-03-06T19:58:45","slug":"gazmar-sprzedaz-dostawa-wymiana-butli-gazowych-malopolska-podkarpacie","status":"publish","type":"page","link":"https:\/\/gazmarbutle.pl\/","title":{"rendered":"Butle gazowe z dostaw\u0105"},"content":{"rendered":"\n<div class=\"wp-block-cover alignfull\" style=\"margin-top:0;margin-bottom:0;padding-top:var(--wp--preset--spacing--50);padding-right:var(--wp--preset--spacing--50);padding-bottom:var(--wp--preset--spacing--50);padding-left:var(--wp--preset--spacing--50);min-height:840px;aspect-ratio:unset;\"><span aria-hidden=\"true\" class=\"wp-block-cover__background has-background-dim-10 has-background-dim\"><\/span><img loading=\"lazy\" decoding=\"async\" width=\"900\" height=\"600\" class=\"wp-block-cover__image-background wp-image-9\" alt=\"\" src=\"https:\/\/gazmarbutle.pl\/wp-content\/uploads\/2025\/02\/Palnik-sie-nie-zapala-1.jpg\" data-object-fit=\"cover\" srcset=\"https:\/\/gazmarbutle.pl\/wp-content\/uploads\/2025\/02\/Palnik-sie-nie-zapala-1.jpg 900w, https:\/\/gazmarbutle.pl\/wp-content\/uploads\/2025\/02\/Palnik-sie-nie-zapala-1-300x200.jpg 300w, https:\/\/gazmarbutle.pl\/wp-content\/uploads\/2025\/02\/Palnik-sie-nie-zapala-1-768x512.jpg 768w\" sizes=\"auto, (max-width: 900px) 100vw, 900px\" \/><div class=\"wp-block-cover__inner-container has-global-padding is-layout-constrained wp-container-core-cover-is-layout-d89aad35 wp-block-cover-is-layout-constrained\">\n<div class=\"wp-block-group alignwide has-global-padding is-content-justification-left is-layout-constrained wp-container-core-group-is-layout-12dd3699 wp-block-group-is-layout-constrained\">\n<div class=\"wp-block-columns is-layout-flex wp-container-core-columns-is-layout-28f84493 wp-block-columns-is-layout-flex\">\n<div class=\"wp-block-column is-layout-flow wp-block-column-is-layout-flow\" style=\"flex-basis:100%\"><\/div>\n<\/div>\n\n\n\n<h2 class=\"wp-block-heading has-text-align-left has-xx-large-font-size\"><strong>GAZMAR<\/strong> <strong>BUTLE GAZOWE<\/strong><\/h2>\n\n\n\n<p><strong><mark style=\"background-color:rgba(0, 0, 0, 0);color:#ff4c4c\" class=\"has-inline-color\">Sprzeda\u017c Dostawa Wymiana<\/mark><\/strong><\/p>\n\n\n\n<div class=\"wp-block-buttons is-layout-flex wp-block-buttons-is-layout-flex\">\n<div class=\"wp-block-button\"><a class=\"wp-block-button__link wp-element-button\">Dowiedz si\u0119 wi\u0119cej<\/a><\/div>\n<\/div>\n<\/div>\n<\/div><\/div>\n\n\n\n<div class=\"wp-block-group alignfull is-style-section-5 has-global-padding is-layout-constrained wp-block-group-is-layout-constrained is-style-section-5--1\" style=\"margin-top:0;margin-bottom:0;padding-top:var(--wp--preset--spacing--50);padding-bottom:var(--wp--preset--spacing--50)\">\n<div class=\"wp-block-columns alignwide is-layout-flex wp-container-core-columns-is-layout-7ee84d44 wp-block-columns-is-layout-flex\" id=\"oferta\">\n<div class=\"wp-block-column is-vertically-aligned-center is-layout-flow wp-block-column-is-layout-flow\" style=\"flex-basis:50%\">\n<h2 class=\"wp-block-heading\"><strong>Oferujemy<\/strong><\/h2>\n\n\n\n<p><strong>Butle gazowe z dostaw\u0105 pod wskazany adres.<\/strong><\/p>\n\n\n\n<p>Mo\u017cliwo\u015b\u0107 <strong>dzier\u017cawy butli i kontener\u00f3w<\/strong>, a tak\u017ce <strong>wsp\u00f3\u0142prac\u0119 w ramach punkt\u00f3w wymiany butli.<\/strong><\/p>\n\n\n\n<p>Zapewniamy dostaw\u0119 gazu p\u0142ynnego <strong>propan i propan-butan w butlach 11 kg i 33 kg<\/strong> do zastosowa\u0144 w <strong>kuchenkach gazowych, ogrzewaniu oraz do zasilania w\u00f3zk\u00f3w wid\u0142owych.<\/strong><\/p>\n<\/div>\n\n\n\n<div class=\"wp-block-column is-vertically-aligned-center is-layout-flow wp-block-column-is-layout-flow\" style=\"flex-basis:50%\">\n<figure class=\"wp-block-image size-full\"><img loading=\"lazy\" decoding=\"async\" width=\"1024\" height=\"1024\" src=\"https:\/\/gazmarbutle.pl\/wp-content\/uploads\/2025\/02\/Photoroom_20250227_214658-1.png\" alt=\"\" class=\"wp-image-11\" style=\"aspect-ratio:1;object-fit:cover\" srcset=\"https:\/\/gazmarbutle.pl\/wp-content\/uploads\/2025\/02\/Photoroom_20250227_214658-1.png 1024w, https:\/\/gazmarbutle.pl\/wp-content\/uploads\/2025\/02\/Photoroom_20250227_214658-1-300x300.png 300w, https:\/\/gazmarbutle.pl\/wp-content\/uploads\/2025\/02\/Photoroom_20250227_214658-1-150x150.png 150w, https:\/\/gazmarbutle.pl\/wp-content\/uploads\/2025\/02\/Photoroom_20250227_214658-1-768x768.png 768w\" sizes=\"auto, (max-width: 1024px) 100vw, 1024px\" \/><\/figure>\n<\/div>\n<\/div>\n<\/div>\n\n\n\n<div class=\"wp-block-group alignfull has-global-padding is-layout-constrained wp-block-group-is-layout-constrained\" style=\"margin-top:0;margin-bottom:0\">\n<div class=\"wp-block-group alignwide is-layout-grid wp-container-core-group-is-layout-5fdb10e5 wp-block-group-is-layout-grid\" style=\"padding-top:var(--wp--preset--spacing--50);padding-bottom:var(--wp--preset--spacing--50)\">\n<div class=\"wp-block-group wp-container-content-9c51b35e is-vertical is-content-justification-stretch is-nowrap is-layout-flex wp-container-core-group-is-layout-627337ab wp-block-group-is-layout-flex\">\n<div class=\"wp-block-group is-vertical is-layout-flex wp-container-core-group-is-layout-fe9cc265 wp-block-group-is-layout-flex\">\n<div class=\"wp-block-group is-vertical is-content-justification-left is-layout-flex wp-container-core-group-is-layout-dd225191 wp-block-group-is-layout-flex\">\n<p class=\"is-style-text-subtitle is-style-text-subtitle--2\">Aby om\u00f3wi\u0107 szczeg\u00f3\u0142y oferty lub ustali\u0107 warunki wsp\u00f3\u0142pracy, prosimy o kontakt z nasz\u0105 firm\u0105. Ch\u0119tnie odpowiemy na wszystkie pytania i dopasujemy ofert\u0119 do indywidualnych potrzeb.<\/p>\n\n\n\n<p>Kontakt telefoniczny to najszybsza mo\u017cliwa opcja uzyskania odpowiedzi.<\/p>\n\n\n\n<p><strong>tel. 608521746<\/strong> lub <strong>tel. 602529087<\/strong><\/p>\n<\/div>\n\n\n\n<p>Mo\u017cesz r\u00f3wnie\u017c skontaktowa\u0107 si\u0119 z nami poprzez e-mail<\/p>\n\n\n\n<p class=\"has-text-align-center\"><strong>kontakt@gazmarbutle.pl<\/strong><\/p>\n<\/div>\n<\/div>\n<\/div>\n<\/div>\n\n\n\n<div class=\"wp-block-group alignfull has-global-padding is-layout-constrained wp-block-group-is-layout-constrained\" style=\"margin-top:0;margin-bottom:0\">\n<div class=\"wp-block-group alignwide is-layout-flow wp-container-core-group-is-layout-d58a0413 wp-block-group-is-layout-flow\" style=\"padding-top:var(--wp--preset--spacing--50);padding-bottom:var(--wp--preset--spacing--50)\">\n<h2 class=\"wp-block-heading has-x-large-font-size\">Cz\u0119sto zadawane pytania<\/h2>\n\n\n\n<div class=\"wp-block-columns is-layout-flex wp-container-core-columns-is-layout-cbe57604 wp-block-columns-is-layout-flex\">\n<div class=\"wp-block-column is-layout-flow wp-block-column-is-layout-flow\">\n<div class=\"wp-block-group is-layout-flow wp-block-group-is-layout-flow\" style=\"border-top-color:var(--wp--preset--color--accent-6);border-top-width:1px;padding-top:var(--wp--preset--spacing--30);padding-bottom:var(--wp--preset--spacing--30)\">\n<h3 class=\"wp-block-heading\"><strong>Dostawa<\/strong> <strong>butli gazowych<\/strong><\/h3>\n\n\n\n<p>Oferujemy dostawy butli gazowych do szerokiego zakresu miejscowo\u015bci, obejmuj\u0105cych wojew\u00f3dztwo <strong>ma\u0142opolskie<\/strong> oraz <strong>podkarpackie<\/strong>. Okolice Rzeszowa, Tarnowa. Gwarantujemy wygodn\u0105 i terminow\u0105 dostaw\u0119 pod wskazany adres. <\/p>\n\n\n\n<p>Skontaktuj si\u0119 z nami, aby sprawdzi\u0107, czy oferujemy dostaw\u0119 do Twojej lokalizacji.<\/p>\n\n\n\n<p><\/p>\n<\/div>\n<\/div>\n\n\n\n<div class=\"wp-block-column is-layout-flow wp-block-column-is-layout-flow\">\n<div class=\"wp-block-group is-layout-flow wp-block-group-is-layout-flow\" style=\"border-top-color:var(--wp--preset--color--accent-6);border-top-width:1px;padding-top:var(--wp--preset--spacing--30);padding-bottom:var(--wp--preset--spacing--30)\">\n<h3 class=\"wp-block-heading\"><strong>Terminowe dostawy butli gazowych \u2013 zawsze na czas<\/strong><\/h3>\n\n\n\n<p>Gwarantujemy terminowe dostawy butli gazowych, zapewniaj\u0105c Ci sta\u0142y dost\u0119p do niezb\u0119dnego \u017ar\u00f3d\u0142a energii, kiedy tylko tego potrzebujesz. Dodatkowo, oferujemy elastyczne opcje dostawy, dopasowane do Twoich indywidualnych potrzeb i preferencji.<\/p>\n<\/div>\n<\/div>\n<\/div>\n\n\n\n<div class=\"wp-block-columns is-layout-flex wp-container-core-columns-is-layout-cbe57604 wp-block-columns-is-layout-flex\">\n<div class=\"wp-block-column is-layout-flow wp-block-column-is-layout-flow\">\n<div class=\"wp-block-group is-layout-flow wp-block-group-is-layout-flow\" style=\"border-top-color:var(--wp--preset--color--accent-6);border-top-width:1px;padding-top:var(--wp--preset--spacing--30);padding-bottom:var(--wp--preset--spacing--30)\"><\/div>\n<\/div>\n\n\n\n<div class=\"wp-block-column is-layout-flow wp-block-column-is-layout-flow\">\n<div class=\"wp-block-group is-layout-flow wp-block-group-is-layout-flow\" style=\"border-top-color:var(--wp--preset--color--accent-6);border-top-width:1px;padding-top:var(--wp--preset--spacing--30);padding-bottom:var(--wp--preset--spacing--30)\"><\/div>\n<\/div>\n<\/div>\n<\/div>\n<\/div>\n\n\n\n<div class=\"wp-block-group alignfull has-global-padding is-layout-constrained wp-container-core-group-is-layout-08655630 wp-block-group-is-layout-constrained\" style=\"margin-top:0;margin-bottom:0;padding-top:var(--wp--preset--spacing--80);padding-bottom:var(--wp--preset--spacing--80)\">\n<div class=\"wp-block-group alignwide is-layout-flow wp-block-group-is-layout-flow\">\n<p class=\"has-text-align-center is-style-text-display is-style-text-display--3\" id=\"kontakt\" style=\"font-style:normal;font-weight:400\">Masz pytania? <br><a href=\"https:\/\/gazmarbutle.pl\/?page_id=29\" data-type=\"page\" data-id=\"29\">Skontaktuj si\u0119 z nami<\/a><\/p>\n\n\n\n<p class=\"has-text-align-center has-large-font-size\"><strong>tel. 608521746<\/strong> lub <strong>tel. 602529087<\/strong> <\/p>\n\n\n\n<p class=\"has-text-align-center has-large-font-size\">email <strong>kontakt@gazmarbutle.pl<\/strong><\/p>\n\n\n\n<div style=\"margin-top:var(--wp--preset--spacing--30);margin-bottom:var(--wp--preset--spacing--30);height:20px\" aria-hidden=\"true\" class=\"wp-block-spacer\"><\/div>\n\n\n\n<ul class=\"wp-block-social-links aligncenter has-large-icon-size is-layout-flex wp-block-social-links-is-layout-flex\"><li class=\"wp-social-link wp-social-link-facebook  wp-block-social-link\"><a href=\"https:\/\/www.facebook.com\/butlezgazem\/\" class=\"wp-block-social-link-anchor\"><svg width=\"24\" height=\"24\" viewBox=\"0 0 24 24\" version=\"1.1\" xmlns=\"http:\/\/www.w3.org\/2000\/svg\" aria-hidden=\"true\" focusable=\"false\"><path d=\"M12 2C6.5 2 2 6.5 2 12c0 5 3.7 9.1 8.4 9.9v-7H7.9V12h2.5V9.8c0-2.5 1.5-3.9 3.8-3.9 1.1 0 2.2.2 2.2.2v2.5h-1.3c-1.2 0-1.6.8-1.6 1.6V12h2.8l-.4 2.9h-2.3v7C18.3 21.1 22 17 22 12c0-5.5-4.5-10-10-10z\"><\/path><\/svg><span class=\"wp-block-social-link-label screen-reader-text\">Facebook<\/span><\/a><\/li>\n\n<li class=\"wp-social-link wp-social-link-google  wp-block-social-link\"><a href=\"https:\/\/maps.app.goo.gl\/GToTi31gwb8ghT3T9\" class=\"wp-block-social-link-anchor\"><svg width=\"24\" height=\"24\" viewBox=\"0 0 24 24\" version=\"1.1\" xmlns=\"http:\/\/www.w3.org\/2000\/svg\" aria-hidden=\"true\" focusable=\"false\"><path d=\"M12.02,10.18v3.72v0.01h5.51c-0.26,1.57-1.67,4.22-5.5,4.22c-3.31,0-6.01-2.75-6.01-6.12s2.7-6.12,6.01-6.12 c1.87,0,3.13,0.8,3.85,1.48l2.84-2.76C16.99,2.99,14.73,2,12.03,2c-5.52,0-10,4.48-10,10s4.48,10,10,10c5.77,0,9.6-4.06,9.6-9.77 c0-0.83-0.11-1.42-0.25-2.05H12.02z\"><\/path><\/svg><span class=\"wp-block-social-link-label screen-reader-text\">Google<\/span><\/a><\/li><\/ul>\n<\/div>\n<\/div>\n\n\n\n<p><\/p>\n","protected":false},"excerpt":{"rendered":"<p>Oferujemy Butle gazowe z dostaw\u0105 pod wskazany adres. Mo\u017cliwo\u015b\u0107 dzier\u017cawy butli i kontener\u00f3w, a tak\u017ce wsp\u00f3\u0142prac\u0119 w ramach punkt\u00f3w wymiany butli. Zapewniamy dostaw\u0119 gazu p\u0142ynnego propan i propan-butan w butlach 11 kg i 33 kg do zastosowa\u0144 w kuchenkach gazowych, ogrzewaniu oraz do zasilania w\u00f3zk\u00f3w wid\u0142owych. Aby om\u00f3wi\u0107 szczeg\u00f3\u0142y oferty lub ustali\u0107 warunki wsp\u00f3\u0142pracy, prosimy [&hellip;]<\/p>\n","protected":false},"author":1,"featured_media":0,"parent":0,"menu_order":0,"comment_status":"closed","ping_status":"closed","template":"","meta":{"footnotes":""},"class_list":["post-7","page","type-page","status-publish","hentry"],"yoast_head":"<!-- This site is optimized with the Yoast SEO plugin v24.6 - https:\/\/yoast.com\/wordpress\/plugins\/seo\/ -->\n<title>Butle gazowe z dostaw\u0105 - Gazmar<\/title>\n<meta name=\"description\" content=\"Butle gazowe z dostaw\u0105 \u2013 sprzeda\u017c, wymiana i szybka dostawa butli gazowych pod wskazany adres w dobrych cenach.\" \/>\n<meta name=\"robots\" content=\"index, follow, max-snippet:-1, max-image-preview:large, max-video-preview:-1\" \/>\n<link rel=\"canonical\" href=\"https:\/\/gazmarbutle.pl\/\" \/>\n<meta property=\"og:locale\" content=\"en_US\" \/>\n<meta property=\"og:type\" content=\"article\" \/>\n<meta property=\"og:title\" content=\"Butle gazowe z dostaw\u0105 - Gazmar\" \/>\n<meta property=\"og:description\" content=\"Butle gazowe z dostaw\u0105 \u2013 sprzeda\u017c, wymiana i szybka dostawa butli gazowych pod wskazany adres w dobrych cenach.\" \/>\n<meta property=\"og:url\" content=\"https:\/\/gazmarbutle.pl\/\" \/>\n<meta property=\"og:site_name\" content=\"Gazmar\" \/>\n<meta property=\"article:publisher\" content=\"https:\/\/www.facebook.com\/p\/Gazmar-100063527918780\/\" \/>\n<meta property=\"article:modified_time\" content=\"2025-03-06T19:58:45+00:00\" \/>\n<meta property=\"og:image\" content=\"https:\/\/gazmarbutle.pl\/wp-content\/uploads\/2025\/02\/Palnik-sie-nie-zapala-1.jpg\" \/>\n\t<meta property=\"og:image:width\" content=\"900\" \/>\n\t<meta property=\"og:image:height\" content=\"600\" \/>\n\t<meta property=\"og:image:type\" content=\"image\/jpeg\" \/>\n<meta name=\"twitter:card\" content=\"summary_large_image\" \/>\n<meta name=\"twitter:label1\" content=\"Est. reading time\" \/>\n\t<meta name=\"twitter:data1\" content=\"2 minutes\" \/>\n<script type=\"application\/ld+json\" class=\"yoast-schema-graph\">{\"@context\":\"https:\/\/schema.org\",\"@graph\":[{\"@type\":\"WebPage\",\"@id\":\"https:\/\/gazmarbutle.pl\/\",\"url\":\"https:\/\/gazmarbutle.pl\/\",\"name\":\"Butle gazowe z dostaw\u0105 - Gazmar\",\"isPartOf\":{\"@id\":\"https:\/\/gazmarbutle.pl\/#website\"},\"primaryImageOfPage\":{\"@id\":\"https:\/\/gazmarbutle.pl\/#primaryimage\"},\"image\":{\"@id\":\"https:\/\/gazmarbutle.pl\/#primaryimage\"},\"thumbnailUrl\":\"https:\/\/gazmarbutle.pl\/wp-content\/uploads\/2025\/02\/Palnik-sie-nie-zapala-1.jpg\",\"datePublished\":\"2025-03-02T12:00:35+00:00\",\"dateModified\":\"2025-03-06T19:58:45+00:00\",\"description\":\"Butle gazowe z dostaw\u0105 \u2013 sprzeda\u017c, wymiana i szybka dostawa butli gazowych pod wskazany adres w dobrych cenach.\",\"breadcrumb\":{\"@id\":\"https:\/\/gazmarbutle.pl\/#breadcrumb\"},\"inLanguage\":\"en-US\",\"potentialAction\":[{\"@type\":\"ReadAction\",\"target\":[\"https:\/\/gazmarbutle.pl\/\"]}]},{\"@type\":\"ImageObject\",\"inLanguage\":\"en-US\",\"@id\":\"https:\/\/gazmarbutle.pl\/#primaryimage\",\"url\":\"https:\/\/gazmarbutle.pl\/wp-content\/uploads\/2025\/02\/Palnik-sie-nie-zapala-1.jpg\",\"contentUrl\":\"https:\/\/gazmarbutle.pl\/wp-content\/uploads\/2025\/02\/Palnik-sie-nie-zapala-1.jpg\",\"width\":900,\"height\":600},{\"@type\":\"BreadcrumbList\",\"@id\":\"https:\/\/gazmarbutle.pl\/#breadcrumb\",\"itemListElement\":[{\"@type\":\"ListItem\",\"position\":1,\"name\":\"Strona g\u0142\u00f3wna\",\"item\":\"https:\/\/gazmarbutle.pl\/\"},{\"@type\":\"ListItem\",\"position\":2,\"name\":\"Butle gazowe z dostaw\u0105\"}]},{\"@type\":\"WebSite\",\"@id\":\"https:\/\/gazmarbutle.pl\/#website\",\"url\":\"https:\/\/gazmarbutle.pl\/\",\"name\":\"Gazmar\",\"description\":\"Tw\u00f3j niezawodny dostawca gazu!\",\"publisher\":{\"@id\":\"https:\/\/gazmarbutle.pl\/#organization\"},\"potentialAction\":[{\"@type\":\"SearchAction\",\"target\":{\"@type\":\"EntryPoint\",\"urlTemplate\":\"https:\/\/gazmarbutle.pl\/?s={search_term_string}\"},\"query-input\":{\"@type\":\"PropertyValueSpecification\",\"valueRequired\":true,\"valueName\":\"search_term_string\"}}],\"inLanguage\":\"en-US\"},{\"@type\":\"Organization\",\"@id\":\"https:\/\/gazmarbutle.pl\/#organization\",\"name\":\"Gazmar\",\"url\":\"https:\/\/gazmarbutle.pl\/\",\"logo\":{\"@type\":\"ImageObject\",\"inLanguage\":\"en-US\",\"@id\":\"https:\/\/gazmarbutle.pl\/#\/schema\/logo\/image\/\",\"url\":\"https:\/\/gazmarbutle.pl\/wp-content\/uploads\/2025\/02\/ogien-1.png\",\"contentUrl\":\"https:\/\/gazmarbutle.pl\/wp-content\/uploads\/2025\/02\/ogien-1.png\",\"width\":498,\"height\":612,\"caption\":\"Gazmar\"},\"image\":{\"@id\":\"https:\/\/gazmarbutle.pl\/#\/schema\/logo\/image\/\"},\"sameAs\":[\"https:\/\/www.facebook.com\/p\/Gazmar-100063527918780\/\",\"https:\/\/www.facebook.com\/butlezgazem\/\"]}]}<\/script>\n<!-- \/ Yoast SEO plugin. -->","yoast_head_json":{"title":"Butle gazowe z dostaw\u0105 - Gazmar","description":"Butle gazowe z dostaw\u0105 \u2013 sprzeda\u017c, wymiana i szybka dostawa butli gazowych pod wskazany adres w dobrych cenach.","robots":{"index":"index","follow":"follow","max-snippet":"max-snippet:-1","max-image-preview":"max-image-preview:large","max-video-preview":"max-video-preview:-1"},"canonical":"https:\/\/gazmarbutle.pl\/","og_locale":"en_US","og_type":"article","og_title":"Butle gazowe z dostaw\u0105 - Gazmar","og_description":"Butle gazowe z dostaw\u0105 \u2013 sprzeda\u017c, wymiana i szybka dostawa butli gazowych pod wskazany adres w dobrych cenach.","og_url":"https:\/\/gazmarbutle.pl\/","og_site_name":"Gazmar","article_publisher":"https:\/\/www.facebook.com\/p\/Gazmar-100063527918780\/","article_modified_time":"2025-03-06T19:58:45+00:00","og_image":[{"width":900,"height":600,"url":"https:\/\/gazmarbutle.pl\/wp-content\/uploads\/2025\/02\/Palnik-sie-nie-zapala-1.jpg","type":"image\/jpeg"}],"twitter_card":"summary_large_image","twitter_misc":{"Est. reading time":"2 minutes"},"schema":{"@context":"https:\/\/schema.org","@graph":[{"@type":"WebPage","@id":"https:\/\/gazmarbutle.pl\/","url":"https:\/\/gazmarbutle.pl\/","name":"Butle gazowe z dostaw\u0105 - Gazmar","isPartOf":{"@id":"https:\/\/gazmarbutle.pl\/#website"},"primaryImageOfPage":{"@id":"https:\/\/gazmarbutle.pl\/#primaryimage"},"image":{"@id":"https:\/\/gazmarbutle.pl\/#primaryimage"},"thumbnailUrl":"https:\/\/gazmarbutle.pl\/wp-content\/uploads\/2025\/02\/Palnik-sie-nie-zapala-1.jpg","datePublished":"2025-03-02T12:00:35+00:00","dateModified":"2025-03-06T19:58:45+00:00","description":"Butle gazowe z dostaw\u0105 \u2013 sprzeda\u017c, wymiana i szybka dostawa butli gazowych pod wskazany adres w dobrych cenach.","breadcrumb":{"@id":"https:\/\/gazmarbutle.pl\/#breadcrumb"},"inLanguage":"en-US","potentialAction":[{"@type":"ReadAction","target":["https:\/\/gazmarbutle.pl\/"]}]},{"@type":"ImageObject","inLanguage":"en-US","@id":"https:\/\/gazmarbutle.pl\/#primaryimage","url":"https:\/\/gazmarbutle.pl\/wp-content\/uploads\/2025\/02\/Palnik-sie-nie-zapala-1.jpg","contentUrl":"https:\/\/gazmarbutle.pl\/wp-content\/uploads\/2025\/02\/Palnik-sie-nie-zapala-1.jpg","width":900,"height":600},{"@type":"BreadcrumbList","@id":"https:\/\/gazmarbutle.pl\/#breadcrumb","itemListElement":[{"@type":"ListItem","position":1,"name":"Strona g\u0142\u00f3wna","item":"https:\/\/gazmarbutle.pl\/"},{"@type":"ListItem","position":2,"name":"Butle gazowe z dostaw\u0105"}]},{"@type":"WebSite","@id":"https:\/\/gazmarbutle.pl\/#website","url":"https:\/\/gazmarbutle.pl\/","name":"Gazmar","description":"Tw\u00f3j niezawodny dostawca gazu!","publisher":{"@id":"https:\/\/gazmarbutle.pl\/#organization"},"potentialAction":[{"@type":"SearchAction","target":{"@type":"EntryPoint","urlTemplate":"https:\/\/gazmarbutle.pl\/?s={search_term_string}"},"query-input":{"@type":"PropertyValueSpecification","valueRequired":true,"valueName":"search_term_string"}}],"inLanguage":"en-US"},{"@type":"Organization","@id":"https:\/\/gazmarbutle.pl\/#organization","name":"Gazmar","url":"https:\/\/gazmarbutle.pl\/","logo":{"@type":"ImageObject","inLanguage":"en-US","@id":"https:\/\/gazmarbutle.pl\/#\/schema\/logo\/image\/","url":"https:\/\/gazmarbutle.pl\/wp-content\/uploads\/2025\/02\/ogien-1.png","contentUrl":"https:\/\/gazmarbutle.pl\/wp-content\/uploads\/2025\/02\/ogien-1.png","width":498,"height":612,"caption":"Gazmar"},"image":{"@id":"https:\/\/gazmarbutle.pl\/#\/schema\/logo\/image\/"},"sameAs":["https:\/\/www.facebook.com\/p\/Gazmar-100063527918780\/","https:\/\/www.facebook.com\/butlezgazem\/"]}]}},"_links":{"self":[{"href":"https:\/\/gazmarbutle.pl\/index.php?rest_route=\/wp\/v2\/pages\/7","targetHints":{"allow":["GET"]}}],"collection":[{"href":"https:\/\/gazmarbutle.pl\/index.php?rest_route=\/wp\/v2\/pages"}],"about":[{"href":"https:\/\/gazmarbutle.pl\/index.php?rest_route=\/wp\/v2\/types\/page"}],"author":[{"embeddable":true,"href":"https:\/\/gazmarbutle.pl\/index.php?rest_route=\/wp\/v2\/users\/1"}],"replies":[{"embeddable":true,"href":"https:\/\/gazmarbutle.pl\/index.php?rest_route=%2Fwp%2Fv2%2Fcomments&post=7"}],"version-history":[{"count":14,"href":"https:\/\/gazmarbutle.pl\/index.php?rest_route=\/wp\/v2\/pages\/7\/revisions"}],"predecessor-version":[{"id":53,"href":"https:\/\/gazmarbutle.pl\/index.php?rest_route=\/wp\/v2\/pages\/7\/revisions\/53"}],"wp:attachment":[{"href":"https:\/\/gazmarbutle.pl\/index.php?rest_route=%2Fwp%2Fv2%2Fmedia&parent=7"}],"curies":[{"name":"wp","href":"https:\/\/api.w.org\/{rel}","templated":true}]}}